{"id":35,"date":"2021-03-13T15:25:20","date_gmt":"2021-03-13T14:25:20","guid":{"rendered":"https:\/\/www.ls-service.at\/energy\/mesmerize\/"},"modified":"2025-02-04T14:22:11","modified_gmt":"2025-02-04T13:22:11","slug":"mesmerize","status":"publish","type":"page","link":"https:\/\/www.ls-service.at\/energy\/","title":{"rendered":"Front Page"},"content":{"rendered":"<div  data-label=\"Overlappable\" data-id=\"overlappable--1\" data-export-id=\"overlappable-3\" data-category=\"overlappable\" class=\"overlappable-3 content-section content-section-spacing\" data-overlap=\"true\" id=\"overlappable-1\" style=\"background-color: rgb(255, 255, 255); background-image: none;\"><div  class=\"gridContainer\"> <div  class=\"row bg-color-white shadow-medium\"><div  class=\"col-xs-12 col-sm-6 image-col first-image-col\" data-bg=\"image\" style=\"background-image: url(&quot;https:\/\/www.ls-service.at\/energy\/wp-content\/uploads\/2022\/02\/cropped-MichiSW.png&quot;);\"><\/div> <div  class=\"col-xs-12 col-sm-6 content-col col-padding col-padding-xs\"> <div  class=\"col-padding\" data-type=\"column\"> <h4  class=\"\"><span  style=\"font-family: verdana, geneva, sans-serif; font-weight: 600;\">Michaela Leopold<\/span><\/h4> <p  class=\"\">Durch meine Ausbildungen zur diplomierten Kinesiologin und diplomierten Sozialmanagerin biete ich dir Beratung und Begleitung in allen Lebenssituationen.\n<br ><br >\nMit dem Healy kann ich dich gezielt auf geistiger und k\u00f6rperlicher Ebene unterst\u00fctzen.<br ><br >Bei mir werden nicht nur ganzheitliche Beratungen mit viel Herz durchgef\u00fchrt, auch bei aromatische R\u00fcckenanwendungen mit \u00e4therischen \u00d6len kannst du deine Seele baumeln lassen.\n<br ><br ><\/p> <\/div> <\/div><\/div> <div  class=\"row bg-color-white shadow-medium\"><div  class=\"col-xs-12 col-sm-6 content-col col-padding col-padding-xs\"> <div  class=\"col-padding\" data-type=\"column\"><h4  class=\"\"><span  style=\"font-family: verdana, geneva, sans-serif; font-weight: 600;\"><br >Klaus Steflitsch<\/span><\/h4> <p  class=\"\">Als Inhaber und Gesch\u00e4ftsf\u00fchrer bin ich f\u00fcr s\u00e4mtliche Belange zust\u00e4ndig, welche f\u00fcr eine reibungslose und angenehme Abwicklung unserer Dienstleistungen erforderlich sind.<br ><br >Auf Grund meiner Ausbildung zum diplomierten Mentaltrainer, kann ich dich dabei unterst\u00fctzen, das Beste aus dir heraus zu holen und gro\u00dfe Ziele zu erreichen.\n<br ><br ><\/p> <\/div> <\/div> <div  class=\"col-xs-12 col-sm-6 image-col second-image-col first-xs last-sm\" data-bg=\"image\" style=\"background-image: url(&quot;https:\/\/www.ls-service.at\/energy\/wp-content\/uploads\/2022\/02\/cropped-cropped-KlausSW-2.png&quot;);\"><\/div> <\/div><\/div> <\/div><div  data-label=\"About\" data-id=\"about--1\" data-export-id=\"about-image-text\" data-category=\"about\" class=\"about-image-text content-section content-section-spacing\" id=\"about-1\" style=\"background-color: rgba(255, 255, 255, 0); background-image: none;\" data-section-ov=\"1\"><div  class=\"gridContainer\"> <div  class=\"row\"><div  class=\"col-sm-6 flexbox-strech center-xs middle-xs no-gutter-col\"> <div  class=\"shadow-large overlap-right-large flexbox middle-xs center-xs left-img\" data-bg=\"image\" style=\"background-image: url(&quot;https:\/\/www.ls-service.at\/energy\/wp-content\/uploads\/2022\/02\/cropped-Delila.jpg&quot;);\"><\/div><\/div> <div  class=\"col-sm-6 space-bottom-xs col-padding-small-xs col-sm-padding-large bg-color5 white-text content-col\" data-type=\"column\"> <h2  class=\"\"><span  href=\"#\" style=\"font-family: Playfair Display,sans-serif; font-weight: 700; font-style: italic;\">DeLila<\/span>\n<br ><br >\n<\/h2> <p  class=\"\">DeLila Essenzen und Sprays werden aus Bl\u00fcten und Kr\u00e4utern, Metallen, Edelsteinen, Lichtw\u00e4ssern und Gemmo-Mazeraten hergestellt.\n<br ><br >\n<\/p><a  class=\"link\" href=\"https:\/\/shop.ls-service.at\/DeLila\" target=\"_blank\" data-cp-link=\"1\" rel=\"noopener\">zu den Produkten<\/a><\/div> <\/div><\/div> <\/div><div  data-label=\"Content\" data-id=\"content--1\" data-export-id=\"content-2\" data-category=\"content\" class=\"content-2 content-section content-section-spacing\" id=\"content-1\" style=\"background-color: rgb(255, 255, 255); background-image: none;\" data-section-ov=\"1\"><div > <div  class=\"row middle-xs\"><div  class=\"col-sm-5 bg-image shadow-large-black\" data-bg=\"image\" style=\"background-image: url(&quot;https:\/\/www.ls-service.at\/energy\/wp-content\/uploads\/2021\/03\/cropped-cropped-cropped-cropped-Healy_Smartphone-1.png&quot;);\"><\/div> <div  class=\"col-sm-7 full-col-left-padding full-col-right-padding\"> <div  class=\"row\"> <div  data-type=\"column\" class=\"space-bottom-small content-title-col\">  <h2  class=\"\">Der Healy \u2013 Frequenzen f\u00fcr dein Leben<\/h2> <p  class=\"\">Gesunde Zellen machen gesunde Organe, gesunde Organe machen gesunde Menschen!<br >Jede Zelle in unserem K\u00f6rper besitzt ein eigenes Schwingungsmuster, sind unsere Zellen gesund besitzen sie eine Zellmembranspannung von ca. -70mv. Durch abnehmende Spannung k\u00f6nnen Schmerzen, Entz\u00fcndungen und Krankheiten entstehen!<\/p><\/div> <\/div> <div  class=\"row spaced-cols \" data-type=\"row\"> <div  class=\"col-xs-6\" data-type=\"column\"> <h5  class=\"\">WEARABLE<\/h5> <p  class=\"\">Healy ist ein wissenschaftlich fundiertes Wearable.<br >Trotzdem ist der Healy einfach zu bedienen, preiswert und smart.<\/p><\/div> <div  class=\"col-xs-6\" data-type=\"column\"><h5  class=\"\">IMF<\/h5><p  class=\"\">Er verwendet individualisierte Mikrostrom-Frequenz-Programme (IMF), um deine Gesundheit, deine Vitalit\u00e4t und dein allgemeines Wohlbefinden zu f\u00f6rdern.<\/p> <\/div> <div  class=\"col-xs-6\" data-type=\"column\"><h5  class=\"\">TRAGBARES GER\u00c4T<\/h5> <p  class=\"\">Der Healy ist ein kompaktes tragbares Ger\u00e4t.<\/p><\/div> <div  class=\"col-xs-6\" data-type=\"column\"><h5  class=\"\">DIE HEALY PRODUKTE\n<br ><span  style=\"font-weight: 300;\">unsere Sponsornummer 5314-8852-4776<\/span><\/h5> <a  class=\"button color1\" href=\"https:\/\/eu.healy.shop\/de\/partner?partnername=5314-8852-4776\" target=\"_blank\" data-cp-link=\"1\" rel=\"noopener\" data-icon=\"\">Zu den Healy Editions<\/a><\/div> <\/div><\/div> <\/div><\/div> <\/div>","protected":false},"excerpt":{"rendered":"<p>Michaela Leopold Durch meine Ausbildungen zur diplomierten Kinesiologin und diplomierten Sozialmanagerin biete ich dir Beratung und Begleitung in allen Lebenssituationen. Mit dem Healy kann ich dich gezielt auf geistiger und k\u00f6rperlicher Ebene unterst\u00fctzen.Bei mir werden nicht nur ganzheitliche Beratungen mit viel Herz durchgef\u00fchrt, auch bei aromatische R\u00fcckenanwendungen mit \u00e4therischen \u00d6len kannst du deine Seele baumeln&hellip; <br \/> <a class=\"read-more\" href=\"https:\/\/www.ls-service.at\/energy\/\">Read more<\/a><\/p>\n","protected":false},"author":1,"featured_media":0,"parent":0,"menu_order":0,"comment_status":"closed","ping_status":"closed","template":"page-templates\/homepage.php","meta":{"footnotes":""},"class_list":["post-35","page","type-page","status-publish","hentry"],"_links":{"self":[{"href":"https:\/\/www.ls-service.at\/energy\/wp-json\/wp\/v2\/pages\/35","targetHints":{"allow":["GET"]}}],"collection":[{"href":"https:\/\/www.ls-service.at\/energy\/wp-json\/wp\/v2\/pages"}],"about":[{"href":"https:\/\/www.ls-service.at\/energy\/wp-json\/wp\/v2\/types\/page"}],"author":[{"embeddable":true,"href":"https:\/\/www.ls-service.at\/energy\/wp-json\/wp\/v2\/users\/1"}],"replies":[{"embeddable":true,"href":"https:\/\/www.ls-service.at\/energy\/wp-json\/wp\/v2\/comments?post=35"}],"version-history":[{"count":131,"href":"https:\/\/www.ls-service.at\/energy\/wp-json\/wp\/v2\/pages\/35\/revisions"}],"predecessor-version":[{"id":892,"href":"https:\/\/www.ls-service.at\/energy\/wp-json\/wp\/v2\/pages\/35\/revisions\/892"}],"wp:attachment":[{"href":"https:\/\/www.ls-service.at\/energy\/wp-json\/wp\/v2\/media?parent=35"}],"curies":[{"name":"wp","href":"https:\/\/api.w.org\/{rel}","templated":true}]}}