{"id":2,"date":"2021-03-13T12:43:55","date_gmt":"2021-03-13T12:43:55","guid":{"rendered":"https:\/\/www.ls-service.at\/energy\/?page_id=2"},"modified":"2022-02-09T12:15:47","modified_gmt":"2022-02-09T11:15:47","slug":"impressum","status":"publish","type":"page","link":"https:\/\/www.ls-service.at\/energy\/impressum\/","title":{"rendered":"Impressum"},"content":{"rendered":"<div  data-id=\"initial-content-section\" data-export-id=\"initial-content-section\" data-label=\"Initial Content\" id=\"initial-content-section\" class=\"content-section content-section-spacing\">\n   <div  class=\"gridContainer\">\n     <div  class=\"row\">\n\n        <div  class=\"col-xs-12 col-sm-12\">                <p ><\/p>\n<p  class=\"has-medium-font-size\"><strong >Energy4YourLife ist ein kommerzielles Angebot der LS \u2013 Service GmbH.<\/strong><\/p>\n<p ><\/p>\n<p ><\/p>\n<p ><\/p>\n<p ><\/p>\n<p  id=\"block-21152d6f-c7ba-47db-82f0-3205b0b3bc75\">Medieninhaber, Herausgeber und Diensteanbieter nach ECG:<br >Firmenwortlaut:<br ><strong >LS \u2013 Service GmbH<\/strong><\/p>\n<p ><\/p>\n<p ><\/p>\n<p  id=\"block-2f608ef1-d9b8-45c8-88d5-1a0e0e96d0f1\">Unternehmensgegenstand:<br >Handel und Dienstleistungen,<br >Sicherheitsfachkraft vorbeugender Brandschutz,&nbsp;<\/p>\n<p ><\/p>\n<p ><\/p>\n<p  id=\"block-876db8df-122f-4579-aea0-514b3e2703fb\">UID Nr:<br >ATU62373906<\/p>\n<p ><\/p>\n<p ><\/p>\n<p  id=\"block-b7d8f656-43cc-4022-8058-334c3cd83da3\">Firmenbuchnummer:<br >FN 275681 p<\/p>\n<p ><\/p>\n<p ><\/p>\n<p  id=\"block-f477a901-b278-4855-91ff-a838309554c9\">Firmenbuchgericht:<br >HG Klagenfurt<\/p>\n<p ><\/p>\n<p ><\/p>\n<p  id=\"block-f510d183-8f8d-4a1c-bf1d-b38f46827585\">DVR Nr.:<br >3000673<\/p>\n<p ><\/p>\n<p ><\/p>\n<p  id=\"block-1eb902a9-8cb2-4d51-a6b0-607d385551fb\">Firmensitz:<br >Agsdorferstra\u00dfe 206a, 9433 St. Andr\u00e4<\/p>\n<p ><\/p>\n<p ><\/p>\n<p  id=\"block-e14424b5-a5c1-4cd7-98f6-02242a822fc0\">Zweigstelle:<br >Am Industriepark 19, 9431 St. Stefan<\/p>\n<p ><\/p>\n<p ><\/p>\n<p  id=\"block-0b390a45-8857-497e-b10f-a23a0efb9032\">Kontaktdaten:<br >Tel.: 0043 (0) 4358 342 611, Fax: 0043 (0) 4358 342 6211<br >E-Mail: office[at]ls-service.at<br >Internet:&nbsp;<a rel=\"noreferrer noopener\" href=\"https:\/\/www.ls-service.at\" target=\"_blank\" class=\"\">www.ls-service.at<\/a><\/p>\n<p ><\/p>\n<p ><\/p>\n<p  id=\"block-e1669d10-19a4-4913-8ae9-f9d493e58fb5\">Mitgliedschaften bei der Wirtschaftskammer:<br >Mitglied bei der Witschaftskammer K\u00e4rnten<\/p>\n<p ><\/p>\n<p ><\/p>\n<p  id=\"block-79002c1e-a6b6-45f1-9e89-004da66349e9\">Aufsichtsbeh\u00f6rde \/ Gewerbebeh\u00f6rde:<br >Bezirkshauptmannschaft Wolfsberg<\/p>\n<p ><\/p>\n<p ><\/p>\n<p  id=\"block-b7f25d67-578a-48bd-9613-95f23dc471d0\">Gesch\u00e4ftsf\u00fchrer:<br >Klaus Steflitsch<\/p>\n<p ><\/p>\n<p ><\/p>\n<p  id=\"block-ad70cd70-667d-418a-a18d-02cc681eace0\">\u00a9 Klaus Steflitsch, LS \u2013 Service GmbH \u2013 Alle Rechte vorbehalten.<\/p>\n<p ><\/p>\n<p ><\/p>\n<p  id=\"block-59b6ed5c-9b26-41bc-a475-dd90bb7baa93\">\n<\/p><p >Sollten Sie unsere Inhalte und Bilder zu anderen als privaten Zwecken \u00fcbernehmen und n\u00fctzen, ist dies ausnahmslos mit einer schriftlichen Genehmigung erlaubt.<\/p>\n<p >Wir \u00fcbernehmen keine Haftung f\u00fcr den Inhalt verlinkter Seiten.<\/p>\n<p >Sie erreichen unseren Kundendienst f\u00fcr Fragen Reklamationen und Beanstandungen per Email unter service[at]ls-service.at. F\u00fcr Anfragen k\u00f6nnen Sie auch das Kontaktformular auf unserer Internetseite nutzen.<\/p>\n<p ><\/p>\n<p ><\/p>\n<p  id=\"block-59b6ed5c-9b26-41bc-a475-dd90bb7baa93\"><strong >Disclaimer<\/strong><\/p>\n<p >Bei direkten oder indirekten Verweisen auf fremde Webseiten (\u201eHyperlinks\u201c), die au\u00dferhalb des Verantwortungsbereiches des Autors liegen, w\u00fcrde eine Haftungsverpflichtung ausschlie\u00dflich in dem Fall in Kraft treten, in dem der Autor von den Inhalten Kenntnis hat und es ihm technisch m\u00f6glich und zumutbar w\u00e4re, die Nutzung im Falle rechtswidriger Inhalte zu verhindern. Der Autor erkl\u00e4rt hiermit ausdr\u00fccklich, dass zum Zeitpunkt der Linksetzung keine illegalen Inhalte auf den zu verlinkenden Seiten erkennbar waren. Auf die aktuelle und zuk\u00fcnftige Gestaltung, die Inhalte oder die Urheberschaft der verlinkten\/verkn\u00fcpften Seiten hat der Autor keinerlei Einfluss. Deshalb distanziert er sich hiermit ausdr\u00fccklich von allen Inhalten aller verlinkten \/verkn\u00fcpften Seiten, die nach der Linksetzung ver\u00e4ndert wurden. Diese Feststellung gilt f\u00fcr alle innerhalb des eigenen Internetangebotes gesetzten Links und Verweise sowie f\u00fcr Fremdeintr\u00e4ge in vom Autor eingerichteten G\u00e4steb\u00fcchern, Diskussionsforen, Linkverzeichnissen, Mailinglisten und in allen anderen Formen von Datenbanken, auf deren Inhalt externe Schreibzugriffe m\u00f6glich sind. F\u00fcr illegale, fehlerhafte oder unvollst\u00e4ndige Inhalte und insbesondere f\u00fcr Sch\u00e4den, die aus der Nutzung oder Nichtnutzung solcherart dargebotener Informationen entstehen, haftet allein der Anbieter der Seite, auf welche verwiesen wurde, nicht derjenige, der \u00fcber Links auf die jeweilige Ver\u00f6ffentlichung lediglich verweist.<\/p>\n<p ><\/p>\n<p ><\/p>\n<p  id=\"block-59b6ed5c-9b26-41bc-a475-dd90bb7baa93\"><strong >Urheber- und Kennzeichenrecht<\/strong><\/p>\n<p >Der Autor ist bestrebt, in allen Publikationen die Urheberrechte der verwendeten Bilder, Grafiken, Tondokumente, Videosequenzen und Texte zu beachten, von ihm selbst erstellte Bilder, Grafiken, Tondokumente, Videosequenzen und Texte zu nutzen oder auf lizenzfreie Grafiken, Tondokumente, Videosequenzen und Texte zur\u00fcckzugreifen. Alle innerhalb des Internetangebotes genannten und ggf. durch Dritte gesch\u00fctzten Marken- und Warenzeichen unterliegen uneingeschr\u00e4nkt den Bestimmungen des jeweils g\u00fcltigen Kennzeichenrechts und den Besitzrechten der jeweiligen eingetragenen Eigent\u00fcmer. Allein aufgrund der blo\u00dfen Nennung ist nicht der Schluss zu ziehen, dass Markenzeichen nicht durch Rechte Dritter gesch\u00fctzt sind! Das Copyright f\u00fcr ver\u00f6ffentlichte, vom Autor selbst erstellte Objekte bleibt allein beim Autor der Seiten. Eine Vervielf\u00e4ltigung oder Verwendung solcher Grafiken, Tondokumente, Videosequenzen und Texte in anderen elektronischen oder gedruckten Publikationen ist ohne ausdr\u00fcckliche Zustimmung des Autors nicht gestattet.<\/p>\n<p ><strong >Keine Abmahnung ohne vorherigen Kontakt<\/strong><\/p>\n<p >Sollte irgendwelcher Inhalt oder die designtechnische Gestaltung einzelner Seiten oder Teile dieses Onlineportals fremde Rechte Dritter oder gesetzliche Bestimmungen verletzen oder anderweitig in irgendeiner Form wettbewerbsrechtliche Probleme hervorbringen, so bitten wir unter Berufung auf \u00a7 8 Abs. 4 UWG, um eine angemessene, ausreichend erl\u00e4uternde und schnelle Nachricht ohne Kostennote.<\/p>\n<p >Wir garantieren, dass die zu Recht beanstandeten Passagen oder Teile dieser Webseiten in angemessener Frist entfernt bzw. den rechtlichen Vorgaben umf\u00e4nglich angepasst werden, ohne dass von Ihrer Seite die Einschaltung eines Rechtsbeistandes erforderlich ist.<\/p>\n<p >Die Einschaltung eines Anwaltes, zur f\u00fcr den Diensteanbieter kostenpflichtigen Abmahnung, entspricht nicht dessen wirklichen oder mutma\u00dflichen Willen und w\u00fcrde damit einen Versto\u00df gegen \u00a7 13 Abs. 5 UWG, wegen der Verfolgung sachfremder Ziele als beherrschendes Motiv der Verfahrenseinleitung, insbesondere einer Kostenerzielungsabsicht als eigentliche Triebfeder, sowie einen Versto\u00df gegen die Schadensminderungspflicht darstellen.<br >Hinsichtlich der Inhalte in den bereitgestellten Partnerlinks nehmen wir als Diensteanbieter die Haftungsprivilegien nach \u00a7 5 Nr. 3 TDG bzw. nach \u00a7 11 TDG in Anspruch.<\/p>\n<p ><\/p>\n<p ><\/p>\n<p ><strong >Online-Streitbeilegungsplattform<\/strong><\/p>\n<p ><\/p>\n<p ><\/p>\n<p >Die EU-Kommission stellt eine Plattform f\u00fcr die au\u00dfergerichtliche Online-Streitbeilegung (OS-Plattform) bereit, die unter&nbsp;https:\/\/ec.europa.eu\/consumers\/odr&nbsp;aufrufbar ist. Wir sind weder bereit noch verpflichtet, an einem Streitbeilegungsverfahren vor einer Verbraucherschlichtungsstelle teilzunehmen.<\/p>\n<p ><\/p>\n<p ><\/p>\n<p  id=\"block-59b6ed5c-9b26-41bc-a475-dd90bb7baa93\">F\u00fcr den Inhaltlich verantwortlich gem\u00e4\u00df \u00a7 5 TMG ist die LS \u2013 Service GmbH, Kontaktdaten siehe oben.<\/p>\n<p ><\/p>\n\n          <\/div>\n      <\/div>\n  <\/div>\n<\/div>","protected":false},"excerpt":{"rendered":"<p>Energy4YourLife ist ein kommerzielles Angebot der LS \u2013 Service GmbH. Medieninhaber, Herausgeber und Diensteanbieter nach ECG:Firmenwortlaut:LS \u2013 Service GmbH Unternehmensgegenstand:Handel und Dienstleistungen,Sicherheitsfachkraft vorbeugender Brandschutz,&nbsp; UID Nr:ATU62373906 Firmenbuchnummer:FN 275681 p Firmenbuchgericht:HG Klagenfurt DVR Nr.:3000673 Firmensitz:Agsdorferstra\u00dfe 206a, 9433 St. Andr\u00e4 Zweigstelle:Am Industriepark 19, 9431 St. Stefan Kontaktdaten:Tel.: 0043 (0) 4358 342 611, Fax: 0043 (0) 4358 342&hellip; <br \/> <a class=\"read-more\" href=\"https:\/\/www.ls-service.at\/energy\/impressum\/\">Read more<\/a><\/p>\n","protected":false},"author":1,"featured_media":0,"parent":0,"menu_order":0,"comment_status":"closed","ping_status":"open","template":"pro\/page-templates\/full-width-page.php","meta":{"footnotes":""},"class_list":["post-2","page","type-page","status-publish","hentry"],"_links":{"self":[{"href":"https:\/\/www.ls-service.at\/energy\/wp-json\/wp\/v2\/pages\/2","targetHints":{"allow":["GET"]}}],"collection":[{"href":"https:\/\/www.ls-service.at\/energy\/wp-json\/wp\/v2\/pages"}],"about":[{"href":"https:\/\/www.ls-service.at\/energy\/wp-json\/wp\/v2\/types\/page"}],"author":[{"embeddable":true,"href":"https:\/\/www.ls-service.at\/energy\/wp-json\/wp\/v2\/users\/1"}],"replies":[{"embeddable":true,"href":"https:\/\/www.ls-service.at\/energy\/wp-json\/wp\/v2\/comments?post=2"}],"version-history":[{"count":6,"href":"https:\/\/www.ls-service.at\/energy\/wp-json\/wp\/v2\/pages\/2\/revisions"}],"predecessor-version":[{"id":777,"href":"https:\/\/www.ls-service.at\/energy\/wp-json\/wp\/v2\/pages\/2\/revisions\/777"}],"wp:attachment":[{"href":"https:\/\/www.ls-service.at\/energy\/wp-json\/wp\/v2\/media?parent=2"}],"curies":[{"name":"wp","href":"https:\/\/api.w.org\/{rel}","templated":true}]}}